{"id":1278,"date":"2025-03-26T11:52:43","date_gmt":"2025-03-26T14:52:43","guid":{"rendered":"https:\/\/www.rosaangelini.com\/?page_id=1278"},"modified":"2025-03-26T14:12:29","modified_gmt":"2025-03-26T17:12:29","slug":"inmersion-en-la-mapu-dia-internacional-de-los-glaciares","status":"publish","type":"page","link":"https:\/\/www.rosaangelini.com\/en\/exhibiciones\/inmersion-en-la-mapu-dia-internacional-de-los-glaciares\/","title":{"rendered":"Inmersi\u00f3n en la Mapu &#8211; D\u00eda Internacional de los Glaciares"},"content":{"rendered":"<div data-elementor-type=\"wp-page\" data-elementor-id=\"1278\" class=\"elementor elementor-1278\" data-elementor-post-type=\"page\">\n\t\t\t\t<div class=\"elementor-element elementor-element-91554a7 e-flex e-con-boxed e-con e-parent\" data-id=\"91554a7\" data-element_type=\"container\" data-e-type=\"container\" data-settings=\"{&quot;background_background&quot;:&quot;slideshow&quot;,&quot;background_slideshow_gallery&quot;:[{&quot;id&quot;:1292,&quot;url&quot;:&quot;https:\\\/\\\/www.rosaangelini.com\\\/wp-content\\\/uploads\\\/2025\\\/03\\\/15.diadelosglaciares_21-03-25-150-scaled-2.jpg&quot;},{&quot;id&quot;:1291,&quot;url&quot;:&quot;https:\\\/\\\/www.rosaangelini.com\\\/wp-content\\\/uploads\\\/2025\\\/03\\\/02.diadelosglaciares_21-03-25-083-scaled-1.jpg&quot;},{&quot;id&quot;:1303,&quot;url&quot;:&quot;https:\\\/\\\/www.rosaangelini.com\\\/wp-content\\\/uploads\\\/2025\\\/03\\\/img_4244-1-scaled.jpg&quot;},{&quot;id&quot;:1318,&quot;url&quot;:&quot;https:\\\/\\\/www.rosaangelini.com\\\/wp-content\\\/uploads\\\/2025\\\/03\\\/01.diadelosglaciares_21-03-25-056-scaled-1.jpg&quot;},{&quot;id&quot;:1319,&quot;url&quot;:&quot;https:\\\/\\\/www.rosaangelini.com\\\/wp-content\\\/uploads\\\/2025\\\/03\\\/05.diadelosglaciares_21-03-25-068-scaled-1.jpg&quot;}],&quot;background_slideshow_slide_duration&quot;:3000,&quot;background_slideshow_loop&quot;:&quot;yes&quot;,&quot;background_slideshow_slide_transition&quot;:&quot;fade&quot;,&quot;background_slideshow_transition_duration&quot;:500}\">\n\t\t\t\t\t<div class=\"e-con-inner\">\n\t\t<div class=\"elementor-element elementor-element-4cfb08f e-con-full e-flex e-con e-child\" data-id=\"4cfb08f\" data-element_type=\"container\" data-e-type=\"container\">\n\t\t<div class=\"elementor-element elementor-element-6487e94 e-con-full e-flex e-con e-child\" data-id=\"6487e94\" data-element_type=\"container\" data-e-type=\"container\" data-settings=\"{&quot;background_background&quot;:&quot;classic&quot;}\">\n\t\t\t\t<div class=\"elementor-element elementor-element-94b5a21 elementor-icon-list--layout-inline elementor-list-item-link-full_width elementor-widget elementor-widget-icon-list\" data-id=\"94b5a21\" data-element_type=\"widget\" data-e-type=\"widget\" data-widget_type=\"icon-list.default\">\n\t\t\t\t<div class=\"elementor-widget-container\">\n\t\t\t\t\t\t\t<ul class=\"elementor-icon-list-items elementor-inline-items\">\n\t\t\t\t\t\t\t<li class=\"elementor-icon-list-item elementor-inline-item\">\n\t\t\t\t\t\t\t\t\t\t<span class=\"elementor-icon-list-text\">Home<\/span>\n\t\t\t\t\t\t\t\t\t<\/li>\n\t\t\t\t\t\t\t\t<li class=\"elementor-icon-list-item elementor-inline-item\">\n\t\t\t\t\t\t\t\t\t\t\t<a href=\"https:\/\/www.rosaangelini.com\/en\/exhibiciones\/\">\n\n\t\t\t\t\t\t\t\t\t\t\t\t<span class=\"elementor-icon-list-icon\">\n\t\t\t\t\t\t\t<svg aria-hidden=\"true\" class=\"e-font-icon-svg e-fas-chevron-right\" viewbox=\"0 0 320 512\" xmlns=\"http:\/\/www.w3.org\/2000\/svg\"><path d=\"M285.476 272.971L91.132 467.314c-9.373 9.373-24.569 9.373-33.941 0l-22.667-22.667c-9.357-9.357-9.375-24.522-.04-33.901L188.505 256 34.484 101.255c-9.335-9.379-9.317-24.544.04-33.901l22.667-22.667c9.373-9.373 24.569-9.373 33.941 0L285.475 239.03c9.373 9.372 9.373 24.568.001 33.941z\"><\/path><\/svg>\t\t\t\t\t\t<\/span>\n\t\t\t\t\t\t\t\t\t\t<span class=\"elementor-icon-list-text\">Exhibitions<\/span>\n\t\t\t\t\t\t\t\t\t\t\t<\/a>\n\t\t\t\t\t\t\t\t\t<\/li>\n\t\t\t\t\t\t\t\t<li class=\"elementor-icon-list-item elementor-inline-item\">\n\t\t\t\t\t\t\t\t\t\t\t<span class=\"elementor-icon-list-icon\">\n\t\t\t\t\t\t\t<svg aria-hidden=\"true\" class=\"e-font-icon-svg e-fas-chevron-right\" viewbox=\"0 0 320 512\" xmlns=\"http:\/\/www.w3.org\/2000\/svg\"><path d=\"M285.476 272.971L91.132 467.314c-9.373 9.373-24.569 9.373-33.941 0l-22.667-22.667c-9.357-9.357-9.375-24.522-.04-33.901L188.505 256 34.484 101.255c-9.335-9.379-9.317-24.544.04-33.901l22.667-22.667c9.373-9.373 24.569-9.373 33.941 0L285.475 239.03c9.373 9.372 9.373 24.568.001 33.941z\"><\/path><\/svg>\t\t\t\t\t\t<\/span>\n\t\t\t\t\t\t\t\t\t\t<span class=\"elementor-icon-list-text\"><\/span>\n\t\t\t\t\t\t\t\t\t<\/li>\n\t\t\t\t\t\t<\/ul>\n\t\t\t\t\t\t<\/div>\n\t\t\t\t<\/div>\n\t\t\t\t<\/div>\n\t\t\t\t<\/div>\n\t\t\t\t\t<\/div>\n\t\t\t\t<\/div>\n\t\t<div class=\"elementor-element elementor-element-6b6c5d4 e-flex e-con-boxed e-con e-parent\" data-id=\"6b6c5d4\" data-element_type=\"container\" data-e-type=\"container\" data-settings=\"{&quot;background_background&quot;:&quot;classic&quot;}\">\n\t\t\t\t\t<div class=\"e-con-inner\">\n\t\t<div class=\"elementor-element elementor-element-e2cbc8d e-con-full e-flex e-con e-child\" data-id=\"e2cbc8d\" data-element_type=\"container\" data-e-type=\"container\" data-settings=\"{&quot;background_background&quot;:&quot;classic&quot;}\">\n\t\t<div class=\"elementor-element elementor-element-11cf753 e-con-full e-flex e-con e-child\" data-id=\"11cf753\" data-element_type=\"container\" data-e-type=\"container\">\n\t\t<div class=\"elementor-element elementor-element-c4a9373 e-con-full e-flex e-con e-child\" data-id=\"c4a9373\" data-element_type=\"container\" data-e-type=\"container\" data-settings=\"{&quot;background_background&quot;:&quot;classic&quot;}\">\n\t\t<div class=\"elementor-element elementor-element-4fe4c50 e-con-full e-flex e-con e-child\" data-id=\"4fe4c50\" data-element_type=\"container\" data-e-type=\"container\">\n\t\t\t\t<div class=\"elementor-element elementor-element-12fad0a elementor-widget elementor-widget-heading\" data-id=\"12fad0a\" data-element_type=\"widget\" data-e-type=\"widget\" data-widget_type=\"heading.default\">\n\t\t\t\t<div class=\"elementor-widget-container\">\n\t\t\t\t\t<h5 class=\"elementor-heading-title elementor-size-default\">Installation video<\/h5>\t\t\t\t<\/div>\n\t\t\t\t<\/div>\n\t\t\t\t<div class=\"elementor-element elementor-element-365e7cc elementor-widget elementor-widget-heading\" data-id=\"365e7cc\" data-element_type=\"widget\" data-e-type=\"widget\" data-widget_type=\"heading.default\">\n\t\t\t\t<div class=\"elementor-widget-container\">\n\t\t\t\t\t<h5 class=\"elementor-heading-title elementor-size-default\">Exhibici\u00f3n rotativa <\/h5>\t\t\t\t<\/div>\n\t\t\t\t<\/div>\n\t\t\t\t<\/div>\n\t\t<div class=\"elementor-element elementor-element-dfd6d37 e-con-full e-flex e-con e-child\" data-id=\"dfd6d37\" data-element_type=\"container\" data-e-type=\"container\">\n\t\t\t\t<div class=\"elementor-element elementor-element-03e1281 elementor-widget elementor-widget-heading\" data-id=\"03e1281\" data-element_type=\"widget\" data-e-type=\"widget\" data-widget_type=\"heading.default\">\n\t\t\t\t<div class=\"elementor-widget-container\">\n\t\t\t\t\t<h5 class=\"elementor-heading-title elementor-size-default\">Ubicaci\u00f3n<\/h5>\t\t\t\t<\/div>\n\t\t\t\t<\/div>\n\t\t\t\t<div class=\"elementor-element elementor-element-629d7d2 elementor-widget elementor-widget-heading\" data-id=\"629d7d2\" data-element_type=\"widget\" data-e-type=\"widget\" data-widget_type=\"heading.default\">\n\t\t\t\t<div class=\"elementor-widget-container\">\n\t\t\t\t\t<h5 class=\"elementor-heading-title elementor-size-default\">La Moneda Cultural Center, Chile<\/h5>\t\t\t\t<\/div>\n\t\t\t\t<\/div>\n\t\t\t\t<\/div>\n\t\t<div class=\"elementor-element elementor-element-9aac648 e-con-full e-flex e-con e-child\" data-id=\"9aac648\" data-element_type=\"container\" data-e-type=\"container\">\n\t\t\t\t<div class=\"elementor-element elementor-element-8935c7a elementor-widget elementor-widget-heading\" data-id=\"8935c7a\" data-element_type=\"widget\" data-e-type=\"widget\" data-widget_type=\"heading.default\">\n\t\t\t\t<div class=\"elementor-widget-container\">\n\t\t\t\t\t<h5 class=\"elementor-heading-title elementor-size-default\">A\u00f1o<\/h5>\t\t\t\t<\/div>\n\t\t\t\t<\/div>\n\t\t\t\t<div class=\"elementor-element elementor-element-b046593 elementor-widget elementor-widget-heading\" data-id=\"b046593\" data-element_type=\"widget\" data-e-type=\"widget\" data-widget_type=\"heading.default\">\n\t\t\t\t<div class=\"elementor-widget-container\">\n\t\t\t\t\t<h5 class=\"elementor-heading-title elementor-size-default\">2025<\/h5>\t\t\t\t<\/div>\n\t\t\t\t<\/div>\n\t\t\t\t<\/div>\n\t\t\t\t<\/div>\n\t\t\t\t<\/div>\n\t\t<div class=\"elementor-element elementor-element-51a10b3 e-con-full e-flex e-con e-child\" data-id=\"51a10b3\" data-element_type=\"container\" data-e-type=\"container\">\n\t\t\t\t<div class=\"elementor-element elementor-element-40ede90 elementor-widget elementor-widget-text-editor\" data-id=\"40ede90\" data-element_type=\"widget\" data-e-type=\"widget\" data-widget_type=\"text-editor.default\">\n\t\t\t\t<div class=\"elementor-widget-container\">\n\t\t\t\t\t\t\t\t\t<p class=\"p1\">Inmersi\u00f3n en la Mapu: \u201cGlaciares, Guardianes del Equilibrio en la Tierra\u201d (2024) fue parte del D\u00eda de los Glaciares en el marco del A\u00f1o Internacional por la Conservaci\u00f3n de los Glaciares. El 21 de marzo 2025 se exhibe el Episodio III de Inmersi\u00f3n en la Mapu: \u201cGlaciares, Guardianes del Equilibrio en la Tierra\u201d (2024) en el Centro Cultural La Moneda, a partir de las 18:00 hrs a modo rotativo en el marco de la inauguraci\u00f3n de esta celebraci\u00f3n.<\/p><p class=\"p1\">Instancia en la que se reunieron cient\u00edficos, ambientalistas, artistas y l\u00edderes sociales, unidos para crear conciencia sobre la importancia de proteger los glaciares, la reserva de agua dulce m\u00e1s importante del planeta y avanzar hacia una legislaci\u00f3n efectiva que garantice su preservaci\u00f3n.<\/p>\t\t\t\t\t\t\t\t<\/div>\n\t\t\t\t<\/div>\n\t\t\t\t<div class=\"elementor-element elementor-element-5650f11 elementor-widget elementor-widget-text-editor\" data-id=\"5650f11\" data-element_type=\"widget\" data-e-type=\"widget\" data-widget_type=\"text-editor.default\">\n\t\t\t\t<div class=\"elementor-widget-container\">\n\t\t\t\t\t\t\t\t\t<p>Evento organizado por Fundaci\u00f3n Glaciares Chilenos y con la participaci\u00f3n de la artista Cecilia Vicu\u00f1a.<\/p>\t\t\t\t\t\t\t\t<\/div>\n\t\t\t\t<\/div>\n\t\t\t\t<\/div>\n\t\t\t\t<\/div>\n\t\t\t\t\t<\/div>\n\t\t\t\t<\/div>\n\t\t<div class=\"elementor-element elementor-element-e9254dc e-flex e-con-boxed e-con e-parent\" data-id=\"e9254dc\" data-element_type=\"container\" data-e-type=\"container\" data-settings=\"{&quot;background_background&quot;:&quot;classic&quot;}\">\n\t\t\t\t\t<div class=\"e-con-inner\">\n\t\t\t\t<div class=\"elementor-element elementor-element-6408630 elementor-widget elementor-widget-gallery\" data-id=\"6408630\" data-element_type=\"widget\" data-e-type=\"widget\" data-settings=\"{&quot;columns&quot;:5,&quot;lazyload&quot;:&quot;yes&quot;,&quot;gallery_layout&quot;:&quot;grid&quot;,&quot;columns_tablet&quot;:2,&quot;columns_mobile&quot;:1,&quot;gap&quot;:{&quot;unit&quot;:&quot;px&quot;,&quot;size&quot;:10,&quot;sizes&quot;:[]},&quot;gap_tablet&quot;:{&quot;unit&quot;:&quot;px&quot;,&quot;size&quot;:10,&quot;sizes&quot;:[]},&quot;gap_mobile&quot;:{&quot;unit&quot;:&quot;px&quot;,&quot;size&quot;:10,&quot;sizes&quot;:[]},&quot;link_to&quot;:&quot;file&quot;,&quot;aspect_ratio&quot;:&quot;3:2&quot;,&quot;overlay_background&quot;:&quot;yes&quot;,&quot;content_hover_animation&quot;:&quot;fade-in&quot;}\" data-widget_type=\"gallery.default\">\n\t\t\t\t<div class=\"elementor-widget-container\">\n\t\t\t\t\t\t\t<div class=\"elementor-gallery__container\">\n\t\t\t\t\t\t\t<a class=\"e-gallery-item elementor-gallery-item elementor-animated-content\" href=\"https:\/\/www.rosaangelini.com\/wp-content\/uploads\/2025\/03\/02.diadelosglaciares_21-03-25-083-scaled-1.jpg\" data-elementor-open-lightbox=\"yes\" data-elementor-lightbox-slideshow=\"6408630\" data-e-action-hash=\"#elementor-action%3Aaction%3Dlightbox%26settings%3DeyJpZCI6MTI5MSwidXJsIjoiaHR0cHM6XC9cL3d3dy5yb3NhYW5nZWxpbmkuY29tXC93cC1jb250ZW50XC91cGxvYWRzXC8yMDI1XC8wM1wvMDIuZGlhZGVsb3NnbGFjaWFyZXNfMjEtMDMtMjUtMDgzLXNjYWxlZC0xLmpwZyIsInNsaWRlc2hvdyI6IjY0MDg2MzAifQ%3D%3D\">\n\t\t\t\t\t<div class=\"e-gallery-image elementor-gallery-item__image\" data-thumbnail=\"https:\/\/www.rosaangelini.com\/wp-content\/uploads\/2025\/03\/02.diadelosglaciares_21-03-25-083-scaled-1-1024x683.jpg\" data-width=\"800\" data-height=\"534\" aria-label=\"\" role=\"img\" ><\/div>\n\t\t\t\t\t\t\t\t\t\t\t<div class=\"elementor-gallery-item__overlay\"><\/div>\n\t\t\t\t\t\t\t\t\t\t\t\t\t\t<\/a>\n\t\t\t\t\t\t\t<a class=\"e-gallery-item elementor-gallery-item elementor-animated-content\" href=\"https:\/\/www.rosaangelini.com\/wp-content\/uploads\/2025\/03\/img_4247-1-scaled.jpg\" data-elementor-open-lightbox=\"yes\" data-elementor-lightbox-slideshow=\"6408630\" data-e-action-hash=\"#elementor-action%3Aaction%3Dlightbox%26settings%3DeyJpZCI6MTMwNCwidXJsIjoiaHR0cHM6XC9cL3d3dy5yb3NhYW5nZWxpbmkuY29tXC93cC1jb250ZW50XC91cGxvYWRzXC8yMDI1XC8wM1wvaW1nXzQyNDctMS1zY2FsZWQuanBnIiwic2xpZGVzaG93IjoiNjQwODYzMCJ9\">\n\t\t\t\t\t<div class=\"e-gallery-image elementor-gallery-item__image\" data-thumbnail=\"https:\/\/www.rosaangelini.com\/wp-content\/uploads\/2025\/03\/img_4247-1-1024x768.jpg\" data-width=\"800\" data-height=\"600\" aria-label=\"\" role=\"img\" ><\/div>\n\t\t\t\t\t\t\t\t\t\t\t<div class=\"elementor-gallery-item__overlay\"><\/div>\n\t\t\t\t\t\t\t\t\t\t\t\t\t\t<\/a>\n\t\t\t\t\t\t\t<a class=\"e-gallery-item elementor-gallery-item elementor-animated-content\" href=\"https:\/\/www.rosaangelini.com\/wp-content\/uploads\/2025\/03\/1-1.png\" data-elementor-open-lightbox=\"yes\" data-elementor-lightbox-slideshow=\"6408630\" data-e-action-hash=\"#elementor-action%3Aaction%3Dlightbox%26settings%3DeyJpZCI6MTI5MywidXJsIjoiaHR0cHM6XC9cL3d3dy5yb3NhYW5nZWxpbmkuY29tXC93cC1jb250ZW50XC91cGxvYWRzXC8yMDI1XC8wM1wvMS0xLnBuZyIsInNsaWRlc2hvdyI6IjY0MDg2MzAifQ%3D%3D\">\n\t\t\t\t\t<div class=\"e-gallery-image elementor-gallery-item__image\" data-thumbnail=\"https:\/\/www.rosaangelini.com\/wp-content\/uploads\/2025\/03\/1-1-819x1024.png\" data-width=\"800\" data-height=\"1000\" aria-label=\"\" role=\"img\" ><\/div>\n\t\t\t\t\t\t\t\t\t\t\t<div class=\"elementor-gallery-item__overlay\"><\/div>\n\t\t\t\t\t\t\t\t\t\t\t\t\t\t<\/a>\n\t\t\t\t\t\t\t<a class=\"e-gallery-item elementor-gallery-item elementor-animated-content\" href=\"https:\/\/www.rosaangelini.com\/wp-content\/uploads\/2025\/03\/img_4244-1-scaled.jpg\" data-elementor-open-lightbox=\"yes\" data-elementor-lightbox-slideshow=\"6408630\" data-e-action-hash=\"#elementor-action%3Aaction%3Dlightbox%26settings%3DeyJpZCI6MTMwMywidXJsIjoiaHR0cHM6XC9cL3d3dy5yb3NhYW5nZWxpbmkuY29tXC93cC1jb250ZW50XC91cGxvYWRzXC8yMDI1XC8wM1wvaW1nXzQyNDQtMS1zY2FsZWQuanBnIiwic2xpZGVzaG93IjoiNjQwODYzMCJ9\">\n\t\t\t\t\t<div class=\"e-gallery-image elementor-gallery-item__image\" data-thumbnail=\"https:\/\/www.rosaangelini.com\/wp-content\/uploads\/2025\/03\/img_4244-1-1024x768.jpg\" data-width=\"800\" data-height=\"600\" aria-label=\"\" role=\"img\" ><\/div>\n\t\t\t\t\t\t\t\t\t\t\t<div class=\"elementor-gallery-item__overlay\"><\/div>\n\t\t\t\t\t\t\t\t\t\t\t\t\t\t<\/a>\n\t\t\t\t\t\t\t<a class=\"e-gallery-item elementor-gallery-item elementor-animated-content\" href=\"https:\/\/www.rosaangelini.com\/wp-content\/uploads\/2025\/03\/01.diadelosglaciares_21-03-25-056-scaled-1.jpg\" data-elementor-open-lightbox=\"yes\" data-elementor-lightbox-slideshow=\"6408630\" data-e-action-hash=\"#elementor-action%3Aaction%3Dlightbox%26settings%3DeyJpZCI6MTMxOCwidXJsIjoiaHR0cHM6XC9cL3d3dy5yb3NhYW5nZWxpbmkuY29tXC93cC1jb250ZW50XC91cGxvYWRzXC8yMDI1XC8wM1wvMDEuZGlhZGVsb3NnbGFjaWFyZXNfMjEtMDMtMjUtMDU2LXNjYWxlZC0xLmpwZyIsInNsaWRlc2hvdyI6IjY0MDg2MzAifQ%3D%3D\">\n\t\t\t\t\t<div class=\"e-gallery-image elementor-gallery-item__image\" data-thumbnail=\"https:\/\/www.rosaangelini.com\/wp-content\/uploads\/2025\/03\/01.diadelosglaciares_21-03-25-056-scaled-1-1024x683.jpg\" data-width=\"800\" data-height=\"534\" aria-label=\"\" role=\"img\" ><\/div>\n\t\t\t\t\t\t\t\t\t\t\t<div class=\"elementor-gallery-item__overlay\"><\/div>\n\t\t\t\t\t\t\t\t\t\t\t\t\t\t<\/a>\n\t\t\t\t\t\t\t<a class=\"e-gallery-item elementor-gallery-item elementor-animated-content\" href=\"https:\/\/www.rosaangelini.com\/wp-content\/uploads\/2025\/03\/14.png\" data-elementor-open-lightbox=\"yes\" data-elementor-lightbox-slideshow=\"6408630\" data-e-action-hash=\"#elementor-action%3Aaction%3Dlightbox%26settings%3DeyJpZCI6MTI5NSwidXJsIjoiaHR0cHM6XC9cL3d3dy5yb3NhYW5nZWxpbmkuY29tXC93cC1jb250ZW50XC91cGxvYWRzXC8yMDI1XC8wM1wvMTQucG5nIiwic2xpZGVzaG93IjoiNjQwODYzMCJ9\">\n\t\t\t\t\t<div class=\"e-gallery-image elementor-gallery-item__image\" data-thumbnail=\"https:\/\/www.rosaangelini.com\/wp-content\/uploads\/2025\/03\/14-819x1024.png\" data-width=\"800\" data-height=\"1000\" aria-label=\"\" role=\"img\" ><\/div>\n\t\t\t\t\t\t\t\t\t\t\t<div class=\"elementor-gallery-item__overlay\"><\/div>\n\t\t\t\t\t\t\t\t\t\t\t\t\t\t<\/a>\n\t\t\t\t\t\t\t<a class=\"e-gallery-item elementor-gallery-item elementor-animated-content\" href=\"https:\/\/www.rosaangelini.com\/wp-content\/uploads\/2025\/03\/1-2.png\" data-elementor-open-lightbox=\"yes\" data-elementor-lightbox-slideshow=\"6408630\" data-e-action-hash=\"#elementor-action%3Aaction%3Dlightbox%26settings%3DeyJpZCI6MTI5NCwidXJsIjoiaHR0cHM6XC9cL3d3dy5yb3NhYW5nZWxpbmkuY29tXC93cC1jb250ZW50XC91cGxvYWRzXC8yMDI1XC8wM1wvMS0yLnBuZyIsInNsaWRlc2hvdyI6IjY0MDg2MzAifQ%3D%3D\">\n\t\t\t\t\t<div class=\"e-gallery-image elementor-gallery-item__image\" data-thumbnail=\"https:\/\/www.rosaangelini.com\/wp-content\/uploads\/2025\/03\/1-2-819x1024.png\" data-width=\"800\" data-height=\"1000\" aria-label=\"\" role=\"img\" ><\/div>\n\t\t\t\t\t\t\t\t\t\t\t<div class=\"elementor-gallery-item__overlay\"><\/div>\n\t\t\t\t\t\t\t\t\t\t\t\t\t\t<\/a>\n\t\t\t\t\t\t\t<a class=\"e-gallery-item elementor-gallery-item elementor-animated-content\" href=\"https:\/\/www.rosaangelini.com\/wp-content\/uploads\/2025\/03\/15.diadelosglaciares_21-03-25-150-scaled-2.jpg\" data-elementor-open-lightbox=\"yes\" data-elementor-lightbox-slideshow=\"6408630\" data-e-action-hash=\"#elementor-action%3Aaction%3Dlightbox%26settings%3DeyJpZCI6MTI5MiwidXJsIjoiaHR0cHM6XC9cL3d3dy5yb3NhYW5nZWxpbmkuY29tXC93cC1jb250ZW50XC91cGxvYWRzXC8yMDI1XC8wM1wvMTUuZGlhZGVsb3NnbGFjaWFyZXNfMjEtMDMtMjUtMTUwLXNjYWxlZC0yLmpwZyIsInNsaWRlc2hvdyI6IjY0MDg2MzAifQ%3D%3D\">\n\t\t\t\t\t<div class=\"e-gallery-image elementor-gallery-item__image\" data-thumbnail=\"https:\/\/www.rosaangelini.com\/wp-content\/uploads\/2025\/03\/15.diadelosglaciares_21-03-25-150-scaled-2-1024x683.jpg\" data-width=\"800\" data-height=\"534\" aria-label=\"\" role=\"img\" ><\/div>\n\t\t\t\t\t\t\t\t\t\t\t<div class=\"elementor-gallery-item__overlay\"><\/div>\n\t\t\t\t\t\t\t\t\t\t\t\t\t\t<\/a>\n\t\t\t\t\t\t\t<a class=\"e-gallery-item elementor-gallery-item elementor-animated-content\" href=\"https:\/\/www.rosaangelini.com\/wp-content\/uploads\/2025\/03\/05.diadelosglaciares_21-03-25-068-scaled-1.jpg\" data-elementor-open-lightbox=\"yes\" data-elementor-lightbox-slideshow=\"6408630\" data-e-action-hash=\"#elementor-action%3Aaction%3Dlightbox%26settings%3DeyJpZCI6MTMxOSwidXJsIjoiaHR0cHM6XC9cL3d3dy5yb3NhYW5nZWxpbmkuY29tXC93cC1jb250ZW50XC91cGxvYWRzXC8yMDI1XC8wM1wvMDUuZGlhZGVsb3NnbGFjaWFyZXNfMjEtMDMtMjUtMDY4LXNjYWxlZC0xLmpwZyIsInNsaWRlc2hvdyI6IjY0MDg2MzAifQ%3D%3D\">\n\t\t\t\t\t<div class=\"e-gallery-image elementor-gallery-item__image\" data-thumbnail=\"https:\/\/www.rosaangelini.com\/wp-content\/uploads\/2025\/03\/05.diadelosglaciares_21-03-25-068-scaled-1-1024x683.jpg\" data-width=\"800\" data-height=\"534\" aria-label=\"\" role=\"img\" ><\/div>\n\t\t\t\t\t\t\t\t\t\t\t<div class=\"elementor-gallery-item__overlay\"><\/div>\n\t\t\t\t\t\t\t\t\t\t\t\t\t\t<\/a>\n\t\t\t\t\t\t\t<a class=\"e-gallery-item elementor-gallery-item elementor-animated-content\" href=\"https:\/\/www.rosaangelini.com\/wp-content\/uploads\/2025\/03\/15.png\" data-elementor-open-lightbox=\"yes\" data-elementor-lightbox-slideshow=\"6408630\" data-e-action-hash=\"#elementor-action%3Aaction%3Dlightbox%26settings%3DeyJpZCI6MTI5NiwidXJsIjoiaHR0cHM6XC9cL3d3dy5yb3NhYW5nZWxpbmkuY29tXC93cC1jb250ZW50XC91cGxvYWRzXC8yMDI1XC8wM1wvMTUucG5nIiwic2xpZGVzaG93IjoiNjQwODYzMCJ9\">\n\t\t\t\t\t<div class=\"e-gallery-image elementor-gallery-item__image\" data-thumbnail=\"https:\/\/www.rosaangelini.com\/wp-content\/uploads\/2025\/03\/15-819x1024.png\" data-width=\"800\" data-height=\"1000\" aria-label=\"\" role=\"img\" ><\/div>\n\t\t\t\t\t\t\t\t\t\t\t<div class=\"elementor-gallery-item__overlay\"><\/div>\n\t\t\t\t\t\t\t\t\t\t\t\t\t\t<\/a>\n\t\t\t\t\t<\/div>\n\t\t\t\t\t<\/div>\n\t\t\t\t<\/div>\n\t\t\t\t\t<\/div>\n\t\t\t\t<\/div>\n\t\t\t\t<\/div>","protected":false},"excerpt":{"rendered":"<p>Portada Exhibiciones Video instalaci\u00f3n Exhibici\u00f3n rotativa Ubicaci\u00f3n Centro Cultural La Moneda, Chile A\u00f1o 2025 Inmersi\u00f3n en la Mapu: \u201cGlaciares, Guardianes del Equilibrio en la Tierra\u201d (2024) fue parte del D\u00eda de los Glaciares en el marco del A\u00f1o Internacional por la Conservaci\u00f3n de los Glaciares. El 21 de marzo 2025 se exhibe el Episodio III [&hellip;]<\/p>","protected":false},"author":1,"featured_media":1292,"parent":30,"menu_order":0,"comment_status":"closed","ping_status":"closed","template":"","meta":{"_seopress_robots_primary_cat":"","_seopress_titles_title":"","_seopress_titles_desc":"","_seopress_robots_index":"","footnotes":""},"class_list":["post-1278","page","type-page","status-publish","has-post-thumbnail","hentry"],"_links":{"self":[{"href":"https:\/\/www.rosaangelini.com\/en\/wp-json\/wp\/v2\/pages\/1278","targetHints":{"allow":["GET"]}}],"collection":[{"href":"https:\/\/www.rosaangelini.com\/en\/wp-json\/wp\/v2\/pages"}],"about":[{"href":"https:\/\/www.rosaangelini.com\/en\/wp-json\/wp\/v2\/types\/page"}],"author":[{"embeddable":true,"href":"https:\/\/www.rosaangelini.com\/en\/wp-json\/wp\/v2\/users\/1"}],"replies":[{"embeddable":true,"href":"https:\/\/www.rosaangelini.com\/en\/wp-json\/wp\/v2\/comments?post=1278"}],"version-history":[{"count":25,"href":"https:\/\/www.rosaangelini.com\/en\/wp-json\/wp\/v2\/pages\/1278\/revisions"}],"predecessor-version":[{"id":1325,"href":"https:\/\/www.rosaangelini.com\/en\/wp-json\/wp\/v2\/pages\/1278\/revisions\/1325"}],"up":[{"embeddable":true,"href":"https:\/\/www.rosaangelini.com\/en\/wp-json\/wp\/v2\/pages\/30"}],"wp:featuredmedia":[{"embeddable":true,"href":"https:\/\/www.rosaangelini.com\/en\/wp-json\/wp\/v2\/media\/1292"}],"wp:attachment":[{"href":"https:\/\/www.rosaangelini.com\/en\/wp-json\/wp\/v2\/media?parent=1278"}],"curies":[{"name":"wp","href":"https:\/\/api.w.org\/{rel}","templated":true}]}}