{"id":390,"date":"2025-02-08T16:34:14","date_gmt":"2025-02-08T19:34:14","guid":{"rendered":"https:\/\/www.rosaangelini.com\/?page_id=390"},"modified":"2025-02-27T10:52:51","modified_gmt":"2025-02-27T13:52:51","slug":"inmersion-en-la-mapu-video-instalacion-inmersiva","status":"publish","type":"page","link":"https:\/\/www.rosaangelini.com\/en\/exhibiciones\/inmersion-en-la-mapu-video-instalacion-inmersiva\/","title":{"rendered":"Inmersi\u00f3n en la Mapu, Video instalaci\u00f3n inmersiva"},"content":{"rendered":"<div data-elementor-type=\"wp-page\" data-elementor-id=\"390\" class=\"elementor elementor-390\" data-elementor-post-type=\"page\">\n\t\t\t\t<div class=\"elementor-element elementor-element-2d35634 e-flex e-con-boxed e-con e-parent\" data-id=\"2d35634\" data-element_type=\"container\" data-e-type=\"container\" data-settings=\"{&quot;background_background&quot;:&quot;slideshow&quot;,&quot;background_slideshow_gallery&quot;:[{&quot;id&quot;:803,&quot;url&quot;:&quot;https:\\\/\\\/www.rosaangelini.com\\\/wp-content\\\/uploads\\\/2025\\\/02\\\/inmersion-en-colombia-00005.jpg&quot;},{&quot;id&quot;:804,&quot;url&quot;:&quot;https:\\\/\\\/www.rosaangelini.com\\\/wp-content\\\/uploads\\\/2025\\\/02\\\/inmersion-en-colombia-00006.jpg&quot;},{&quot;id&quot;:801,&quot;url&quot;:&quot;https:\\\/\\\/www.rosaangelini.com\\\/wp-content\\\/uploads\\\/2025\\\/02\\\/inmersion-en-colombia-00003.jpg&quot;}],&quot;background_slideshow_slide_duration&quot;:3000,&quot;background_slideshow_loop&quot;:&quot;yes&quot;,&quot;background_slideshow_slide_transition&quot;:&quot;fade&quot;,&quot;background_slideshow_transition_duration&quot;:500}\">\n\t\t\t\t\t<div class=\"e-con-inner\">\n\t\t<div class=\"elementor-element elementor-element-2b8983e e-con-full e-flex e-con e-child\" data-id=\"2b8983e\" data-element_type=\"container\" data-e-type=\"container\">\n\t\t<div class=\"elementor-element elementor-element-9e1e078 e-con-full e-flex e-con e-child\" data-id=\"9e1e078\" data-element_type=\"container\" data-e-type=\"container\">\n\t\t\t\t<div class=\"elementor-element elementor-element-84139b2 elementor-icon-list--layout-inline elementor-list-item-link-full_width elementor-widget elementor-widget-icon-list\" data-id=\"84139b2\" data-element_type=\"widget\" data-e-type=\"widget\" data-widget_type=\"icon-list.default\">\n\t\t\t\t<div class=\"elementor-widget-container\">\n\t\t\t\t\t\t\t<ul class=\"elementor-icon-list-items elementor-inline-items\">\n\t\t\t\t\t\t\t<li class=\"elementor-icon-list-item elementor-inline-item\">\n\t\t\t\t\t\t\t\t\t\t<span class=\"elementor-icon-list-text\">Home<\/span>\n\t\t\t\t\t\t\t\t\t<\/li>\n\t\t\t\t\t\t\t\t<li class=\"elementor-icon-list-item elementor-inline-item\">\n\t\t\t\t\t\t\t\t\t\t\t<a href=\"https:\/\/www.rosaangelini.com\/en\/exhibiciones\/\">\n\n\t\t\t\t\t\t\t\t\t\t\t\t<span class=\"elementor-icon-list-icon\">\n\t\t\t\t\t\t\t<svg aria-hidden=\"true\" class=\"e-font-icon-svg e-fas-chevron-right\" viewbox=\"0 0 320 512\" xmlns=\"http:\/\/www.w3.org\/2000\/svg\"><path d=\"M285.476 272.971L91.132 467.314c-9.373 9.373-24.569 9.373-33.941 0l-22.667-22.667c-9.357-9.357-9.375-24.522-.04-33.901L188.505 256 34.484 101.255c-9.335-9.379-9.317-24.544.04-33.901l22.667-22.667c9.373-9.373 24.569-9.373 33.941 0L285.475 239.03c9.373 9.372 9.373 24.568.001 33.941z\"><\/path><\/svg>\t\t\t\t\t\t<\/span>\n\t\t\t\t\t\t\t\t\t\t<span class=\"elementor-icon-list-text\">Exhibitions<\/span>\n\t\t\t\t\t\t\t\t\t\t\t<\/a>\n\t\t\t\t\t\t\t\t\t<\/li>\n\t\t\t\t\t\t\t\t<li class=\"elementor-icon-list-item elementor-inline-item\">\n\t\t\t\t\t\t\t\t\t\t\t<span class=\"elementor-icon-list-icon\">\n\t\t\t\t\t\t\t<svg aria-hidden=\"true\" class=\"e-font-icon-svg e-fas-chevron-right\" viewbox=\"0 0 320 512\" xmlns=\"http:\/\/www.w3.org\/2000\/svg\"><path d=\"M285.476 272.971L91.132 467.314c-9.373 9.373-24.569 9.373-33.941 0l-22.667-22.667c-9.357-9.357-9.375-24.522-.04-33.901L188.505 256 34.484 101.255c-9.335-9.379-9.317-24.544.04-33.901l22.667-22.667c9.373-9.373 24.569-9.373 33.941 0L285.475 239.03c9.373 9.372 9.373 24.568.001 33.941z\"><\/path><\/svg>\t\t\t\t\t\t<\/span>\n\t\t\t\t\t\t\t\t\t\t<span class=\"elementor-icon-list-text\"><\/span>\n\t\t\t\t\t\t\t\t\t<\/li>\n\t\t\t\t\t\t<\/ul>\n\t\t\t\t\t\t<\/div>\n\t\t\t\t<\/div>\n\t\t\t\t<\/div>\n\t\t\t\t<\/div>\n\t\t\t\t\t<\/div>\n\t\t\t\t<\/div>\n\t\t<div class=\"elementor-element elementor-element-76c486c e-flex e-con-boxed e-con e-parent\" data-id=\"76c486c\" data-element_type=\"container\" data-e-type=\"container\">\n\t\t\t\t\t<div class=\"e-con-inner\">\n\t\t<div class=\"elementor-element elementor-element-1c01375 e-con-full e-flex e-con e-child\" data-id=\"1c01375\" data-element_type=\"container\" data-e-type=\"container\" data-settings=\"{&quot;background_background&quot;:&quot;classic&quot;}\">\n\t\t<div class=\"elementor-element elementor-element-45fb4ae e-con-full e-flex e-con e-child\" data-id=\"45fb4ae\" data-element_type=\"container\" data-e-type=\"container\">\n\t\t<div class=\"elementor-element elementor-element-006ea97 e-con-full e-flex e-con e-child\" data-id=\"006ea97\" data-element_type=\"container\" data-e-type=\"container\" data-settings=\"{&quot;background_background&quot;:&quot;classic&quot;}\">\n\t\t<div class=\"elementor-element elementor-element-48143a7 e-con-full e-flex e-con e-child\" data-id=\"48143a7\" data-element_type=\"container\" data-e-type=\"container\">\n\t\t\t\t<div class=\"elementor-element elementor-element-058df65 elementor-widget elementor-widget-heading\" data-id=\"058df65\" data-element_type=\"widget\" data-e-type=\"widget\" data-widget_type=\"heading.default\">\n\t\t\t\t<div class=\"elementor-widget-container\">\n\t\t\t\t\t<h5 class=\"elementor-heading-title elementor-size-default\">Inmersi\u00f3n en la Mapu ( Immersion in the Earth )<\/h5>\t\t\t\t<\/div>\n\t\t\t\t<\/div>\n\t\t\t\t<div class=\"elementor-element elementor-element-75ab892 elementor-widget elementor-widget-heading\" data-id=\"75ab892\" data-element_type=\"widget\" data-e-type=\"widget\" data-widget_type=\"heading.default\">\n\t\t\t\t<div class=\"elementor-widget-container\">\n\t\t\t\t\t<h5 class=\"elementor-heading-title elementor-size-default\">Immersive video installation<\/h5>\t\t\t\t<\/div>\n\t\t\t\t<\/div>\n\t\t\t\t<\/div>\n\t\t<div class=\"elementor-element elementor-element-37db7cc e-con-full e-flex e-con e-child\" data-id=\"37db7cc\" data-element_type=\"container\" data-e-type=\"container\">\n\t\t\t\t<div class=\"elementor-element elementor-element-9c9eb25 elementor-widget elementor-widget-heading\" data-id=\"9c9eb25\" data-element_type=\"widget\" data-e-type=\"widget\" data-widget_type=\"heading.default\">\n\t\t\t\t<div class=\"elementor-widget-container\">\n\t\t\t\t\t<h5 class=\"elementor-heading-title elementor-size-default\">Ubicaci\u00f3n<\/h5>\t\t\t\t<\/div>\n\t\t\t\t<\/div>\n\t\t\t\t<div class=\"elementor-element elementor-element-a54a174 elementor-widget elementor-widget-heading\" data-id=\"a54a174\" data-element_type=\"widget\" data-e-type=\"widget\" data-widget_type=\"heading.default\">\n\t\t\t\t<div class=\"elementor-widget-container\">\n\t\t\t\t\t<h5 class=\"elementor-heading-title elementor-size-default\">International Image Festival, Caldas Art Museum, Manizales-Colombia\n<\/h5>\t\t\t\t<\/div>\n\t\t\t\t<\/div>\n\t\t\t\t<\/div>\n\t\t<div class=\"elementor-element elementor-element-7902f81 e-con-full e-flex e-con e-child\" data-id=\"7902f81\" data-element_type=\"container\" data-e-type=\"container\">\n\t\t\t\t<div class=\"elementor-element elementor-element-3631ffa elementor-widget elementor-widget-heading\" data-id=\"3631ffa\" data-element_type=\"widget\" data-e-type=\"widget\" data-widget_type=\"heading.default\">\n\t\t\t\t<div class=\"elementor-widget-container\">\n\t\t\t\t\t<h5 class=\"elementor-heading-title elementor-size-default\">A\u00f1o<\/h5>\t\t\t\t<\/div>\n\t\t\t\t<\/div>\n\t\t\t\t<div class=\"elementor-element elementor-element-3e3b6e6 elementor-widget elementor-widget-heading\" data-id=\"3e3b6e6\" data-element_type=\"widget\" data-e-type=\"widget\" data-widget_type=\"heading.default\">\n\t\t\t\t<div class=\"elementor-widget-container\">\n\t\t\t\t\t<h5 class=\"elementor-heading-title elementor-size-default\">2023<\/h5>\t\t\t\t<\/div>\n\t\t\t\t<\/div>\n\t\t\t\t<\/div>\n\t\t\t\t<\/div>\n\t\t\t\t<\/div>\n\t\t<div class=\"elementor-element elementor-element-2fa54ad e-con-full e-flex e-con e-child\" data-id=\"2fa54ad\" data-element_type=\"container\" data-e-type=\"container\">\n\t\t\t\t<div class=\"elementor-element elementor-element-3bbfdfa elementor-widget elementor-widget-text-editor\" data-id=\"3bbfdfa\" data-element_type=\"widget\" data-e-type=\"widget\" data-widget_type=\"text-editor.default\">\n\t\t\t\t<div class=\"elementor-widget-container\">\n\t\t\t\t\t\t\t\t\tInmersi\u00f3n en la mapu en XXII Festival Internacional de la Imagen de Colombia, exhibici\u00f3n en Museo de Arte de Caldas, Manizales entre el 29 de mayo y el 4 de junio 2023, obra seleccionada para representar a Chile en este festival, instancia apoyada por Dirac Gobierno de Chile. Se exhiben el episodio I. Por la protecci\u00f3n de los Bosques Nativos y el Pewen como video instalaci\u00f3n con sonido inmersivo. \t\t\t\t\t\t\t\t<\/div>\n\t\t\t\t<\/div>\n\t\t<div class=\"elementor-element elementor-element-e55b4ca e-con-full e-flex e-con e-child\" data-id=\"e55b4ca\" data-element_type=\"container\" data-e-type=\"container\">\n\t\t\t\t<div class=\"elementor-element elementor-element-fde1034 elementor-widget__width-initial elementor-widget elementor-widget-image\" data-id=\"fde1034\" data-element_type=\"widget\" data-e-type=\"widget\" data-widget_type=\"image.default\">\n\t\t\t\t<div class=\"elementor-widget-container\">\n\t\t\t\t\t\t\t\t\t\t\t\t\t\t\t<img alt=\"\" fetchpriority=\"high\" decoding=\"async\" width=\"390\" height=\"228\" src=\"https:\/\/www.rosaangelini.com\/wp-content\/uploads\/2025\/02\/Imitelab-negro.png\" class=\"attachment-large size-large wp-image-1012\" srcset=\"https:\/\/www.rosaangelini.com\/wp-content\/uploads\/2025\/02\/Imitelab-negro.png 390w, https:\/\/www.rosaangelini.com\/wp-content\/uploads\/2025\/02\/Imitelab-negro-300x175.png 300w\" sizes=\"(max-width: 390px) 100vw, 390px\" \/>\t\t\t\t\t\t\t\t\t\t\t\t\t\t\t<\/div>\n\t\t\t\t<\/div>\n\t\t\t\t<div class=\"elementor-element elementor-element-c14bd37 elementor-widget__width-initial elementor-widget elementor-widget-image\" data-id=\"c14bd37\" data-element_type=\"widget\" data-e-type=\"widget\" data-widget_type=\"image.default\">\n\t\t\t\t<div class=\"elementor-widget-container\">\n\t\t\t\t\t\t\t\t\t\t\t\t\t\t\t<img alt=\"\" decoding=\"async\" width=\"498\" height=\"461\" src=\"https:\/\/www.rosaangelini.com\/wp-content\/uploads\/2025\/02\/cultura-ministerio-e1739239959729.png\" class=\"attachment-large size-large wp-image-737\" srcset=\"https:\/\/www.rosaangelini.com\/wp-content\/uploads\/2025\/02\/cultura-ministerio-e1739239959729.png 498w, https:\/\/www.rosaangelini.com\/wp-content\/uploads\/2025\/02\/cultura-ministerio-e1739239959729-300x278.png 300w\" sizes=\"(max-width: 498px) 100vw, 498px\" \/>\t\t\t\t\t\t\t\t\t\t\t\t\t\t\t<\/div>\n\t\t\t\t<\/div>\n\t\t\t\t<div class=\"elementor-element elementor-element-1c9add6 elementor-widget__width-initial elementor-widget elementor-widget-image\" data-id=\"1c9add6\" data-element_type=\"widget\" data-e-type=\"widget\" data-widget_type=\"image.default\">\n\t\t\t\t<div class=\"elementor-widget-container\">\n\t\t\t\t\t\t\t\t\t\t\t\t\t\t\t<img alt=\"\" decoding=\"async\" width=\"220\" height=\"76\" src=\"https:\/\/www.rosaangelini.com\/wp-content\/uploads\/2025\/02\/logo-imagen-fest.png\" class=\"attachment-large size-large wp-image-816\" \/>\t\t\t\t\t\t\t\t\t\t\t\t\t\t\t<\/div>\n\t\t\t\t<\/div>\n\t\t\t\t<div class=\"elementor-element elementor-element-1c5d4f7 elementor-widget__width-initial elementor-widget elementor-widget-image\" data-id=\"1c5d4f7\" data-element_type=\"widget\" data-e-type=\"widget\" data-widget_type=\"image.default\">\n\t\t\t\t<div class=\"elementor-widget-container\">\n\t\t\t\t\t\t\t\t\t\t\t\t\t\t\t<img alt=\"\" loading=\"lazy\" decoding=\"async\" width=\"800\" height=\"363\" src=\"https:\/\/www.rosaangelini.com\/wp-content\/uploads\/2025\/02\/museo-arte-caldas-1024x465.png\" class=\"attachment-large size-large wp-image-815\" srcset=\"https:\/\/www.rosaangelini.com\/wp-content\/uploads\/2025\/02\/museo-arte-caldas-1024x465.png 1024w, https:\/\/www.rosaangelini.com\/wp-content\/uploads\/2025\/02\/museo-arte-caldas-300x136.png 300w, https:\/\/www.rosaangelini.com\/wp-content\/uploads\/2025\/02\/museo-arte-caldas-768x348.png 768w, https:\/\/www.rosaangelini.com\/wp-content\/uploads\/2025\/02\/museo-arte-caldas.png 1113w\" sizes=\"(max-width: 800px) 100vw, 800px\" \/>\t\t\t\t\t\t\t\t\t\t\t\t\t\t\t<\/div>\n\t\t\t\t<\/div>\n\t\t\t\t<div class=\"elementor-element elementor-element-d24701a elementor-widget__width-initial elementor-widget elementor-widget-image\" data-id=\"d24701a\" data-element_type=\"widget\" data-e-type=\"widget\" data-widget_type=\"image.default\">\n\t\t\t\t<div class=\"elementor-widget-container\">\n\t\t\t\t\t\t\t\t\t\t\t\t\t\t\t<img alt=\"\" loading=\"lazy\" decoding=\"async\" width=\"600\" height=\"200\" src=\"https:\/\/www.rosaangelini.com\/wp-content\/uploads\/2025\/02\/logo-dirac.png\" class=\"attachment-large size-large wp-image-817\" srcset=\"https:\/\/www.rosaangelini.com\/wp-content\/uploads\/2025\/02\/logo-dirac.png 600w, https:\/\/www.rosaangelini.com\/wp-content\/uploads\/2025\/02\/logo-dirac-300x100.png 300w\" sizes=\"(max-width: 600px) 100vw, 600px\" \/>\t\t\t\t\t\t\t\t\t\t\t\t\t\t\t<\/div>\n\t\t\t\t<\/div>\n\t\t\t\t<\/div>\n\t\t\t\t<\/div>\n\t\t\t\t<\/div>\n\t\t\t\t\t<\/div>\n\t\t\t\t<\/div>\n\t\t<div class=\"elementor-element elementor-element-de2a7aa e-flex e-con-boxed e-con e-parent\" data-id=\"de2a7aa\" data-element_type=\"container\" data-e-type=\"container\" data-settings=\"{&quot;background_background&quot;:&quot;classic&quot;}\">\n\t\t\t\t\t<div class=\"e-con-inner\">\n\t\t\t\t<div class=\"elementor-element elementor-element-a83dcb0 elementor-widget elementor-widget-gallery\" data-id=\"a83dcb0\" data-element_type=\"widget\" data-e-type=\"widget\" data-settings=\"{&quot;columns&quot;:5,&quot;lazyload&quot;:&quot;yes&quot;,&quot;gallery_layout&quot;:&quot;grid&quot;,&quot;columns_tablet&quot;:2,&quot;columns_mobile&quot;:1,&quot;gap&quot;:{&quot;unit&quot;:&quot;px&quot;,&quot;size&quot;:10,&quot;sizes&quot;:[]},&quot;gap_tablet&quot;:{&quot;unit&quot;:&quot;px&quot;,&quot;size&quot;:10,&quot;sizes&quot;:[]},&quot;gap_mobile&quot;:{&quot;unit&quot;:&quot;px&quot;,&quot;size&quot;:10,&quot;sizes&quot;:[]},&quot;link_to&quot;:&quot;file&quot;,&quot;aspect_ratio&quot;:&quot;3:2&quot;,&quot;overlay_background&quot;:&quot;yes&quot;,&quot;content_hover_animation&quot;:&quot;fade-in&quot;}\" data-widget_type=\"gallery.default\">\n\t\t\t\t<div class=\"elementor-widget-container\">\n\t\t\t\t\t\t\t<div class=\"elementor-gallery__container\">\n\t\t\t\t\t\t\t<a class=\"e-gallery-item elementor-gallery-item elementor-animated-content\" href=\"https:\/\/www.rosaangelini.com\/wp-content\/uploads\/2025\/02\/inmersion-en-colombia-00006.jpg\" data-elementor-open-lightbox=\"yes\" data-elementor-lightbox-slideshow=\"a83dcb0\" data-e-action-hash=\"#elementor-action%3Aaction%3Dlightbox%26settings%3DeyJpZCI6ODA0LCJ1cmwiOiJodHRwczpcL1wvd3d3LnJvc2FhbmdlbGluaS5jb21cL3dwLWNvbnRlbnRcL3VwbG9hZHNcLzIwMjVcLzAyXC9pbm1lcnNpb24tZW4tY29sb21iaWEtMDAwMDYuanBnIiwic2xpZGVzaG93IjoiYTgzZGNiMCJ9\">\n\t\t\t\t\t<div class=\"e-gallery-image elementor-gallery-item__image\" data-thumbnail=\"https:\/\/www.rosaangelini.com\/wp-content\/uploads\/2025\/02\/inmersion-en-colombia-00006-1024x768.jpg\" data-width=\"800\" data-height=\"600\" aria-label=\"\" role=\"img\" ><\/div>\n\t\t\t\t\t\t\t\t\t\t\t<div class=\"elementor-gallery-item__overlay\"><\/div>\n\t\t\t\t\t\t\t\t\t\t\t\t\t\t<\/a>\n\t\t\t\t\t\t\t<a class=\"e-gallery-item elementor-gallery-item elementor-animated-content\" href=\"https:\/\/www.rosaangelini.com\/wp-content\/uploads\/2025\/02\/inmersion-en-colombia-00005.jpg\" data-elementor-open-lightbox=\"yes\" data-elementor-lightbox-slideshow=\"a83dcb0\" data-e-action-hash=\"#elementor-action%3Aaction%3Dlightbox%26settings%3DeyJpZCI6ODAzLCJ1cmwiOiJodHRwczpcL1wvd3d3LnJvc2FhbmdlbGluaS5jb21cL3dwLWNvbnRlbnRcL3VwbG9hZHNcLzIwMjVcLzAyXC9pbm1lcnNpb24tZW4tY29sb21iaWEtMDAwMDUuanBnIiwic2xpZGVzaG93IjoiYTgzZGNiMCJ9\">\n\t\t\t\t\t<div class=\"e-gallery-image elementor-gallery-item__image\" data-thumbnail=\"https:\/\/www.rosaangelini.com\/wp-content\/uploads\/2025\/02\/inmersion-en-colombia-00005-1024x680.jpg\" data-width=\"800\" data-height=\"531\" aria-label=\"\" role=\"img\" ><\/div>\n\t\t\t\t\t\t\t\t\t\t\t<div class=\"elementor-gallery-item__overlay\"><\/div>\n\t\t\t\t\t\t\t\t\t\t\t\t\t\t<\/a>\n\t\t\t\t\t\t\t<a class=\"e-gallery-item elementor-gallery-item elementor-animated-content\" href=\"https:\/\/www.rosaangelini.com\/wp-content\/uploads\/2025\/02\/inmersion-en-colombia-00003.jpg\" data-elementor-open-lightbox=\"yes\" data-elementor-lightbox-slideshow=\"a83dcb0\" data-e-action-hash=\"#elementor-action%3Aaction%3Dlightbox%26settings%3DeyJpZCI6ODAxLCJ1cmwiOiJodHRwczpcL1wvd3d3LnJvc2FhbmdlbGluaS5jb21cL3dwLWNvbnRlbnRcL3VwbG9hZHNcLzIwMjVcLzAyXC9pbm1lcnNpb24tZW4tY29sb21iaWEtMDAwMDMuanBnIiwic2xpZGVzaG93IjoiYTgzZGNiMCJ9\">\n\t\t\t\t\t<div class=\"e-gallery-image elementor-gallery-item__image\" data-thumbnail=\"https:\/\/www.rosaangelini.com\/wp-content\/uploads\/2025\/02\/inmersion-en-colombia-00003-1024x742.jpg\" data-width=\"800\" data-height=\"580\" aria-label=\"\" role=\"img\" ><\/div>\n\t\t\t\t\t\t\t\t\t\t\t<div class=\"elementor-gallery-item__overlay\"><\/div>\n\t\t\t\t\t\t\t\t\t\t\t\t\t\t<\/a>\n\t\t\t\t\t\t\t<a class=\"e-gallery-item elementor-gallery-item elementor-animated-content\" href=\"https:\/\/www.rosaangelini.com\/wp-content\/uploads\/2025\/02\/inmersion-en-colombia-00001.jpg\" data-elementor-open-lightbox=\"yes\" data-elementor-lightbox-slideshow=\"a83dcb0\" data-e-action-hash=\"#elementor-action%3Aaction%3Dlightbox%26settings%3DeyJpZCI6Nzk5LCJ1cmwiOiJodHRwczpcL1wvd3d3LnJvc2FhbmdlbGluaS5jb21cL3dwLWNvbnRlbnRcL3VwbG9hZHNcLzIwMjVcLzAyXC9pbm1lcnNpb24tZW4tY29sb21iaWEtMDAwMDEuanBnIiwic2xpZGVzaG93IjoiYTgzZGNiMCJ9\">\n\t\t\t\t\t<div class=\"e-gallery-image elementor-gallery-item__image\" data-thumbnail=\"https:\/\/www.rosaangelini.com\/wp-content\/uploads\/2025\/02\/inmersion-en-colombia-00001-1024x682.jpg\" data-width=\"800\" data-height=\"533\" aria-label=\"\" role=\"img\" ><\/div>\n\t\t\t\t\t\t\t\t\t\t\t<div class=\"elementor-gallery-item__overlay\"><\/div>\n\t\t\t\t\t\t\t\t\t\t\t\t\t\t<\/a>\n\t\t\t\t\t\t\t<a class=\"e-gallery-item elementor-gallery-item elementor-animated-content\" href=\"https:\/\/www.rosaangelini.com\/wp-content\/uploads\/2025\/02\/inmersion-en-colombia-00004.jpg\" data-elementor-open-lightbox=\"yes\" data-elementor-lightbox-slideshow=\"a83dcb0\" data-e-action-hash=\"#elementor-action%3Aaction%3Dlightbox%26settings%3DeyJpZCI6ODAyLCJ1cmwiOiJodHRwczpcL1wvd3d3LnJvc2FhbmdlbGluaS5jb21cL3dwLWNvbnRlbnRcL3VwbG9hZHNcLzIwMjVcLzAyXC9pbm1lcnNpb24tZW4tY29sb21iaWEtMDAwMDQuanBnIiwic2xpZGVzaG93IjoiYTgzZGNiMCJ9\">\n\t\t\t\t\t<div class=\"e-gallery-image elementor-gallery-item__image\" data-thumbnail=\"https:\/\/www.rosaangelini.com\/wp-content\/uploads\/2025\/02\/inmersion-en-colombia-00004-1024x768.jpg\" data-width=\"800\" data-height=\"600\" aria-label=\"\" role=\"img\" ><\/div>\n\t\t\t\t\t\t\t\t\t\t\t<div class=\"elementor-gallery-item__overlay\"><\/div>\n\t\t\t\t\t\t\t\t\t\t\t\t\t\t<\/a>\n\t\t\t\t\t<\/div>\n\t\t\t\t\t<\/div>\n\t\t\t\t<\/div>\n\t\t\t\t\t<\/div>\n\t\t\t\t<\/div>\n\t\t\t\t<\/div>","protected":false},"excerpt":{"rendered":"<p>Portada Exhibiciones Inmersi\u00f3n en la Mapu Video instalaci\u00f3n inmersiva Ubicaci\u00f3n Festival Internacional de la Imagen, Museo Arte de Caldas, Manizales-Colombia A\u00f1o 2023 Inmersi\u00f3n en la mapu en XXII Festival Internacional de la Imagen de Colombia, exhibici\u00f3n en Museo de Arte de Caldas, Manizales entre el 29 de mayo y el 4 de junio 2023, obra [&hellip;]<\/p>","protected":false},"author":1,"featured_media":0,"parent":30,"menu_order":0,"comment_status":"closed","ping_status":"closed","template":"","meta":{"_seopress_robots_primary_cat":"","_seopress_titles_title":"","_seopress_titles_desc":"","_seopress_robots_index":"","footnotes":""},"class_list":["post-390","page","type-page","status-publish","hentry"],"_links":{"self":[{"href":"https:\/\/www.rosaangelini.com\/en\/wp-json\/wp\/v2\/pages\/390","targetHints":{"allow":["GET"]}}],"collection":[{"href":"https:\/\/www.rosaangelini.com\/en\/wp-json\/wp\/v2\/pages"}],"about":[{"href":"https:\/\/www.rosaangelini.com\/en\/wp-json\/wp\/v2\/types\/page"}],"author":[{"embeddable":true,"href":"https:\/\/www.rosaangelini.com\/en\/wp-json\/wp\/v2\/users\/1"}],"replies":[{"embeddable":true,"href":"https:\/\/www.rosaangelini.com\/en\/wp-json\/wp\/v2\/comments?post=390"}],"version-history":[{"count":23,"href":"https:\/\/www.rosaangelini.com\/en\/wp-json\/wp\/v2\/pages\/390\/revisions"}],"predecessor-version":[{"id":1204,"href":"https:\/\/www.rosaangelini.com\/en\/wp-json\/wp\/v2\/pages\/390\/revisions\/1204"}],"up":[{"embeddable":true,"href":"https:\/\/www.rosaangelini.com\/en\/wp-json\/wp\/v2\/pages\/30"}],"wp:attachment":[{"href":"https:\/\/www.rosaangelini.com\/en\/wp-json\/wp\/v2\/media?parent=390"}],"curies":[{"name":"wp","href":"https:\/\/api.w.org\/{rel}","templated":true}]}}